{"id":71,"date":"2025-01-08T12:33:20","date_gmt":"2025-01-08T11:33:20","guid":{"rendered":"https:\/\/test.compusign.nl\/undertest\/?page_id=71"},"modified":"2025-08-08T16:23:03","modified_gmt":"2025-08-08T14:23:03","slug":"over-ons","status":"publish","type":"page","link":"https:\/\/test.compusign.nl\/undertest\/index.php\/over-ons\/","title":{"rendered":"Over Ons"},"content":{"rendered":"\t\t<div data-elementor-type=\"wp-page\" data-elementor-id=\"71\" class=\"elementor elementor-71\">\n\t\t\t\t<div class=\"elementor-element elementor-element-a038f43 e-flex e-con-boxed e-con e-parent\" data-id=\"a038f43\" data-element_type=\"container\">\n\t\t\t\t\t<div class=\"e-con-inner\">\n\t\t<div class=\"elementor-element elementor-element-0a27962 e-con-full e-flex elementor-invisible e-con e-child\" data-id=\"0a27962\" data-element_type=\"container\" data-settings=\"{&quot;animation&quot;:&quot;fadeInUp&quot;,&quot;animation_delay&quot;:500}\">\n\t\t\t\t<div class=\"elementor-element elementor-element-a43a063 elementor-widget elementor-widget-image\" data-id=\"a43a063\" data-element_type=\"widget\" data-widget_type=\"image.default\">\n\t\t\t\t\t\t\t\t\t\t\t\t\t\t\t<img fetchpriority=\"high\" decoding=\"async\" width=\"480\" height=\"640\" src=\"https:\/\/test.compusign.nl\/undertest\/wp-content\/uploads\/2025\/07\/Over-ons-zussen.jpg\" class=\"attachment-large size-large wp-image-4337\" alt=\"Over-ons-zussen\" srcset=\"https:\/\/test.compusign.nl\/undertest\/wp-content\/uploads\/2025\/07\/Over-ons-zussen.jpg 480w, https:\/\/test.compusign.nl\/undertest\/wp-content\/uploads\/2025\/07\/Over-ons-zussen-225x300.jpg 225w\" sizes=\"(max-width: 480px) 100vw, 480px\" \/>\t\t\t\t\t\t\t\t\t\t\t\t\t\t\t<\/div>\n\t\t\t\t<\/div>\n\t\t<div class=\"elementor-element elementor-element-4ecbd25 e-con-full animated-slow e-flex elementor-invisible e-con e-child\" data-id=\"4ecbd25\" data-element_type=\"container\" data-settings=\"{&quot;background_background&quot;:&quot;gradient&quot;,&quot;animation&quot;:&quot;fadeInLeft&quot;,&quot;animation_delay&quot;:1000}\">\n\t\t\t\t<div class=\"elementor-element elementor-element-80beeb2 elementor-widget elementor-widget-elementskit-heading\" data-id=\"80beeb2\" data-element_type=\"widget\" data-widget_type=\"elementskit-heading.default\">\n\t\t\t\t\t<div class=\"ekit-wid-con\" ><div class=\"ekit-heading elementskit-section-title-wraper text_center   ekit_heading_tablet-   ekit_heading_mobile-\"><h2 class=\"ekit-heading--title elementskit-section-title \">Over My Sisly<\/h2>\t\t\t\t<div class='ekit-heading__description'>\n\t\t\t\t\t<p>My\u202fSisly is geboren uit mijn persoonlijke reis van vertragen, vallen en weer opstaan, van kleur, creatie en verbinding. Al van jongs af aan had ik een fascinatie voor accessoires: haarbanden, oorbellen, mooie details die het verschil maken. De ros\u00e9 haarband van koningin M\u00e1xima was ooit mijn inspiratie om zelf te gaan cre\u00ebren. Zo ontstond mijn allereerste collectie.<\/p>\n<p>Na zestien jaar met plezier bij dezelfde werkgever te hebben gewerkt, kwam er in 2025 ruimte voor iets nieuws. Het leven zette me even op pauzes en juist in die rust vond ik iets nieuws iets wat echt bij mij past.<\/p>\n<p>Tijdens een reis door Zuid Afrika raakte ik betoverd door kleine engeltjes. Hun symboliek, het licht, de kleuren. Het deed me denken aan mijn zus. Hoewel zij My\u202fSisly niet actief mee vormgeeft, is haar energie, lef en levenslust de ziel van het merk \u2764\ufe0f.<\/p>\n<p>Zo begon ik zelf engeltjes te maken. Daarna volgden kleurrijke oorbellen met een verhaal. Ik koos bewust voor bijzondere materialen zoals zoetwaterparels. Elke parel is uniek, net als jij.<\/p>\n<p>Ik werk met materialen als acryl, parels en symbolische vormen \u2013 allemaal met aandacht en liefde gekozen of met de hand gemaakt. Andere stukken, zoals sommige bloemenoorbellen selecteer ik vanwege hun uitstraling en kwaliteit. Alles wat je hier vindt, is met zorg en gevoel samengesteld.<\/p>\n<p>My\u202fSisly staat voor sieraden met een verhaal. Geen massaproductie, maar stukken met aandacht. Voor vrouwen die zichzelf durven te laten zien.<\/p>\n\t\t\t\t<\/div>\n\t\t\t<\/div><\/div>\t\t\t\t<\/div>\n\t\t\t\t<\/div>\n\t\t\t\t\t<\/div>\n\t\t\t\t<\/div>\n\t\t\t\t<\/div>\n\t\t","protected":false},"excerpt":{"rendered":"<p>Over My Sisly My\u202fSisly is geboren uit mijn persoonlijke reis van vertragen, vallen en weer opstaan, van kleur, creatie en verbinding. Al van jongs af aan had ik een fascinatie voor accessoires: haarbanden, oorbellen, mooie details die het verschil maken. De ros\u00e9 haarband van koningin M\u00e1xima was ooit mijn inspiratie om zelf te gaan cre\u00ebren. [&hellip;]<\/p>\n","protected":false},"author":1,"featured_media":0,"parent":0,"menu_order":0,"comment_status":"closed","ping_status":"closed","template":"","meta":{"_lmt_disableupdate":"no","_lmt_disable":"","footnotes":""},"class_list":["post-71","page","type-page","status-publish","hentry"],"blocksy_meta":[],"_links":{"self":[{"href":"https:\/\/test.compusign.nl\/undertest\/index.php\/wp-json\/wp\/v2\/pages\/71","targetHints":{"allow":["GET"]}}],"collection":[{"href":"https:\/\/test.compusign.nl\/undertest\/index.php\/wp-json\/wp\/v2\/pages"}],"about":[{"href":"https:\/\/test.compusign.nl\/undertest\/index.php\/wp-json\/wp\/v2\/types\/page"}],"author":[{"embeddable":true,"href":"https:\/\/test.compusign.nl\/undertest\/index.php\/wp-json\/wp\/v2\/users\/1"}],"replies":[{"embeddable":true,"href":"https:\/\/test.compusign.nl\/undertest\/index.php\/wp-json\/wp\/v2\/comments?post=71"}],"version-history":[{"count":0,"href":"https:\/\/test.compusign.nl\/undertest\/index.php\/wp-json\/wp\/v2\/pages\/71\/revisions"}],"wp:attachment":[{"href":"https:\/\/test.compusign.nl\/undertest\/index.php\/wp-json\/wp\/v2\/media?parent=71"}],"curies":[{"name":"wp","href":"https:\/\/api.w.org\/{rel}","templated":true}]}}